{"id":10959,"date":"2022-07-27T17:31:15","date_gmt":"2022-07-27T16:31:15","guid":{"rendered":"https:\/\/www.geniusproperties.com\/personal-property-finder-2"},"modified":"2022-08-14T07:36:40","modified_gmt":"2022-08-14T06:36:40","slug":"servicio-personalizado-inmobiliario","status":"publish","type":"page","link":"https:\/\/www.geniusproperties.com\/es\/servicio-personalizado-inmobiliario","title":{"rendered":"Servicio personalizado de b\u00fasqueda Inmobiliario"},"content":{"rendered":"<h2>El servicio de b\u00fasqueda Inmobiliario personalizado para Estepona y La Costa del Sol<\/h2>\n<p>Aunque suene obvio, hay una serie de cuestiones que se deben tener en cuenta y en las que hay que hacer especial hicapi\u00e9<\/p>\n<ul>\n<li><strong>Punto 1:<\/strong> El mercado inmobiliario de la Costa del Sol est\u00e1 muy valorado por muchos inversores y compradores que est\u00e1n siempre buscando propiedades disponibles.<\/li>\n<li><strong>Punto 2:<\/strong> Debido al punto 1, las propiedades m\u00e1s interesantes no permanecen en el mercado disponibles por mucho tiempo.<\/li>\n<li><strong>Punto 3:<\/strong> La mayor\u00eda de agentes inmobiliarios, tan solo toman sus datos y hacen una b\u00fasqueda en su base de datos, para tratar de encontrar su propiedad ideal, pero no prestan la atenci\u00f3n necesaria y est\u00e1n tan desbordados que en la mayor\u00eda de ocasiones no muestran las propiedades adecuadas.<\/li>\n<\/ul>\n<p>Teniendo en cuenta estos hechos, es esencial que usted, como comprador, sea capaz de actuar de manera eficaz para tener \u00e9xito en la compra de su propiedad.<\/p>\n<p>Y aqu\u00ed es donde <strong>entramos nosotros<\/strong>. Nos centramos en la tarea todos los d\u00edas de la semana y trabajamos <strong>estrechamente con usted<\/strong> desde que tenenos nuestra primera reuni\u00f3n para conseguir una cartera preseleccionada de propiedades relamente interesantes para usted.<\/p>\n<p><strong>Su propiedad ideal existe<\/strong>, tan solo hay que buscarla de manera inteligente y, cuando la encontremos, visitarla&#8230; \u00a1r\u00e1pidamente!<\/p>\n<h3>Les escuchamos atentamente<\/h3>\n<p>Hablaremos con usted en profundidad, y seguramente le haremos muchas preguntas, pero sobre todo le <strong>escucharemos atentamente<\/strong>, para conocer sus necesidades y deseos, su presupuesto, el tama\u00f1o, estilo y tipo de propiedad, su ubicacione preferidas, el espacio exterior, las opciones de transporte y viaje, las compras, las comidas, el entretenimiento, el ocio y el tiempo libre, etc&#8230;<\/p>\n<p>Cada cierto tiempo (preacordado), se le enviar\u00e1n detalles de las propiedades que hemos localizado, para luego, seguir trabajando seg\u00fan un calendario pactaco y,\u00a0 junto con sus comentarios y aportacion, refinar la b\u00fasqueda con el fin de preseleccionar una lista de posibles propiedades para visitar.<\/p>\n<p>Cuando le venga bien al comprador, se organizar\u00e1 una &#8220;visita de inspecci\u00f3n&#8221;, que puede durar varios d\u00edas.<\/p>\n<h3>\u00bfDe donde proceden nuestras propiedades?<\/h3>\n<p>Adem\u00e1s de las enormes bases de datos compartidas entre agentes de las propiedades que tenemos disponibles, nuestro equipo de b\u00fasqueda est\u00e1 continuamente recorriendo la zona, buscando, inspeccionando y preseleccionando propiedades adecuadas que se adapten a las necesidades de nuestros clientes.<\/p>\n<p>Es normal que, debido a nuestra perserverancia, podemos encontrar viviendas que <strong>a\u00fan no han sido puestas en el mercado<\/strong>, o son oportunidades &#8220;fuera de mercado&#8221; en las que se ha solicitado &#8220;que no se expongan&#8221;.<\/p>\n<h3>Conocimiento de la zona<\/h3>\n<p>Nuestro conocimiento y muchos a\u00f1os de experiencia en la compra de propiedades, sumado a vivir en la zona desde hace muchos a\u00f1os, nos permite ofrecer <strong>informaci\u00f3n imparcial<\/strong> sobre las diversas \u00e1reas de la costa y alrededores adem\u00e1s de informaci\u00f3n, como por ejemplo,<\/p>\n<ul>\n<li>\u00bfD\u00f3nde saldr\u00edan sus hijas adolescentes por la noche?&#8230;.<\/li>\n<li>\u00bfLe resultar\u00eda f\u00e1cil a su familiar anciano regresar a casa desde la playa?&#8230;.<\/li>\n<li>Los peque\u00f1os detalles son a veces tan importantes como el propio inmueble.<\/li>\n<\/ul>\n<p>Adem\u00e1s, cuando mostramos a nuestros clientes las propiedades preseleccionadas, les <strong>presentamos la zona<\/strong>. Lo que no conozca, se lo descubrimos nosotros, lo que le ahorrar\u00e1 al comprador tiempo y problemas.<\/p>\n<h3>Su socio de b\u00fasqueda<\/h3>\n<p>A menos que encontremos a la pimera la propiedad ideal para el cliente, continuaremos el proceso de b\u00fasqueda hasta encontrar la propiedad adecuada.<\/p>\n<ul>\n<li>La informaci\u00f3n primordial para la toma de decisiones del comprador no siempre est\u00e1 disponible en un agente que le vende su propiedad, nosotros podemos obtener esta informaci\u00f3n y aconsejarle de forma imparcial sobre c\u00f3mo actuar en consecuencia.<\/li>\n<li>El &#8220;precio de venta&#8221; en principio, es s\u00f3lo lo que el propietario desea obtener por su propiedad.<\/li>\n<li>A veces el &#8220;precio de venta&#8221;, puede no ser un reflejo real del valor real de la propiedad.<\/li>\n<li>En ocasiones, este precio puede ser alto, pero en otras puede incluso ser bajo.<\/li>\n<li>Nosostros nos aseguraremos de que obtenga la mejor oferta posible para la propiedad que desea comprar.<\/li>\n<li>Nos preocuparemos por analizar todas sus preguntas profundamente antes de recomendarle que haga una oferta por la propiedad elegida.<\/li>\n<\/ul>\n<h3>Hacer una oferta<\/h3>\n<p>Hacer una oferta correctamente o negociar un precio acordado es una virtud, y puede ser crucial para asegurar la compra de la propiedad.<\/p>\n<p>La propiedad elegida puede perderse a menudo debido a la competencia existente entre compradores y a los retrasos en la realizaci\u00f3n de una oferta.<\/p>\n<p>Participamos activamente en el mercado inmobiliario de la zona y somos una agencia muy respetada tanto por los principales agentes de venta, como por agentes serios con clientes serios.<\/p>\n<p>Si lo necesita y aunque siempre actuamos con rapidez, podemos destacar su inter\u00e9s en una propiedad por encima de otros compradores.<\/p>\n<p>Somos expertos en la negociaci\u00f3n y estamos a su lado para ayudarle a asegurar el resultado correcto &#8211; Una venta acordada a un precio justo mutuamente pactado.<\/p>\n<h3>Cerrar un acuerdo<\/h3>\n<p>Aceptar una oferta conlleva el inicio del proceso de &#8220;transmisi\u00f3n&#8221; en el que participan abogados, a veces compa\u00f1\u00edas hipotecarias, autoridades locales y otras organizaciones. Este proceso requiere un esfuerzo concentrado y experiencia, que nosotros aportamos.<\/p>\n<p>Disponemos de una relaci\u00f3n s\u00f3lida con bufetes de abogados independientes de confianza que pueden representar mejor sus intereses durante la compra. Por supuesto, puede elegir su propio representante legal.<\/p>\n<p>Muchos agentes se quejan de que las compras de propiedades no se finalizan debido a un error entre la aceptaci\u00f3n de la oferta y la fecha real de finalizaci\u00f3n.<\/p>\n<p>Esto puede ser frustante para un cliente. Hacemos todo lo posible para garantizar que esto no ocurra, y podemos decir con orgullo que rara vez ocurre. Hacemos un seguimiento continuo de cada compra, desde el momento en que se ha acordado.<\/p>\n<p>Para finalizar el acuerdo, se entrega el importe de la compra, la transacci\u00f3n se completa y se certifica ante notario la toma posesi\u00f3n de la propiedad.<\/p>\n<h3>Tras la compra<\/h3>\n<p>Nuestros compradores a menudo no est\u00e1n disponibles el d\u00eda de la firma y completan el proceso a trav\u00e9s de un poder notarial emitido a su representante legal, en este caso podemos actuar como administradores de la propiedad para nuestros clientes.<\/p>\n<p>Esta funci\u00f3n abarca muchos aspectos, como la comprobaci\u00f3n de la propiedad, la recogida de llaves y la toma de lecturas de los contadores entre otros.<\/p>\n<p>Hacer un inventario detallado, transferir las cuentas de los servicios, tratar con las compa\u00f1\u00edas de servicios y, si es necesario, preparar la propiedad para su ocupaci\u00f3n, ya sea por el propietario o por los inquilinos.<\/p>\n<p>Nos aseguramos de que la propiedad y su contenido est\u00f1en en orden, de que sus servicios funcionan y\u00a0 actuamos en principio como depositarios de las llaves.<\/p>\n<p>Tambi\u00e9n podemos organizar otros servicios, como obras de mejora, reformas e instalaci\u00f3n de mobiliario, as\u00ed como servicios de alquiler, si es necesario.<\/p>\n<p>Para obtener informaci\u00f3n detallada sobre los servicios de posventa y el proceso de compra, consulte las secciones correspondientes de este sitio web o preg\u00fantenos m\u00e1s detalles a trav\u00e9s de nuestro formulario general de <a href=\"https:\/\/www.geniusproperties.com\/es\/contacto\">contacto<\/a>.<\/p>\n<p>Ninguna petici\u00f3n de un cliente es demasiado grande o demasiado peque\u00f1a: prestamos atenci\u00f3n a todos los detalles. Nuestra atenci\u00f3n al detalle y la capacidad de escuchar atentamente sus necesidades han sido elogiadas por muchos de nuestros clientes anteriores y estamos orgullosos de ello.<\/p>\n<p>Consulte nuestras valoraciones en google para ver\u00a0 las referencias que hemos recibido de algunos de los clientes que han utilizado nuestro servicio de b\u00fasqueda de propiedades.<\/p>\n","protected":false},"excerpt":{"rendered":"<p>El servicio de b\u00fasqueda Inmobiliario personalizado para Estepona y La Costa del Sol Aunque suene obvio, hay una serie de&#8230;<\/p>\n","protected":false},"author":2,"featured_media":0,"parent":0,"menu_order":0,"comment_status":"closed","ping_status":"closed","template":"","meta":{"_acf_changed":false,"footnotes":""},"class_list":["post-10959","page","type-page","status-publish","hentry"],"acf":[],"rankMath":{"parentDomain":"geniusproperties.com","noFollowDomains":[],"noFollowExcludeDomains":[],"noFollowExternalLinks":true,"featuredImageNotice":"The featured image should be at least 200 by 200 pixels to be picked up by Facebook and other social media sites.","pluginReviewed":false,"postSettings":{"linkSuggestions":true,"useFocusKeyword":false},"frontEndScore":false,"postName":"servicio-personalizado-inmobiliario","permalinkFormat":"https:\/\/www.geniusproperties.com\/es\/%pagename%","showLockModifiedDate":true,"assessor":{"focusKeywordLink":"https:\/\/www.geniusproperties.com\/wp-admin\/edit.php?focus_keyword=%focus_keyword%&post_type=%post_type%","hasTOCPlugin":false,"primaryTaxonomy":false,"serpData":{"title":"","description":"","focusKeywords":"","pillarContent":false,"canonicalUrl":"","breadcrumbTitle":"","advancedRobots":{"max-snippet":"-1","max-video-preview":"-1","max-image-preview":"large"},"facebookTitle":"","facebookDescription":"","facebookImage":"","facebookImageID":"","facebookHasOverlay":false,"facebookImageOverlay":"","facebookAuthor":"","twitterCardType":"","twitterUseFacebook":true,"twitterTitle":"","twitterDescription":"","twitterImage":"","twitterImageID":"","twitterHasOverlay":false,"twitterImageOverlay":"","twitterPlayerUrl":"","twitterPlayerSize":"","twitterPlayerStream":"","twitterPlayerStreamCtype":"","twitterAppDescription":"","twitterAppIphoneName":"","twitterAppIphoneID":"","twitterAppIphoneUrl":"","twitterAppIpadName":"","twitterAppIpadID":"","twitterAppIpadUrl":"","twitterAppGoogleplayName":"","twitterAppGoogleplayID":"","twitterAppGoogleplayUrl":"","twitterAppCountry":"","robots":{"index":true},"twitterAuthor":"username","primaryTerm":0,"authorName":"Neil Parsons","titleTemplate":"%title% %sep% %sitename%","descriptionTemplate":"%excerpt%","showScoreFrontend":true,"lockModifiedDate":false},"powerWords":["incre\u00edble","asombroso","maravilloso","\u00fanico","hermoso","felicidad","brillante","cautivador","carism\u00e1tico","impactante","claro","completamente","confidencial","confianza","significativo","creativo","definitivamente","delicioso","demostrar","apres\u00farate","decidido","digno","din\u00e1mico","impresionante","esencial","inspirador","innovador","intenso","eficaz","m\u00e1gico","magn\u00edfico","hist\u00f3rico","importante","incre\u00edble","indispensable","inolvidable","irresistible","legendario","luminoso","lujo","m\u00e1gico","magn\u00edfico","majestuoso","memorable","maravilloso","milagroso","motivador","necesario","nuevo","oficial","perfecto","apasionado","persuasivo","fenomenal","placer","popular","poder","prestigioso","prodigioso","profundo","pr\u00f3spero","poderoso","calidad","radiante","r\u00e1pido","exitoso","revolucionario","satisfecho","seguridad","sensacional","sereno","suntuoso","espl\u00e9ndido","sublime","sorprendente","talentoso","terror\u00edfico","\u00fanico","valor","vibrante","victorioso","vivo","verdaderamente","celoso","aut\u00e9ntico","aventurero","espectacular","exclusivo","garantizado","extraordinario","fabuloso","fascinante","formidable","genial","grandioso","gratuito","h\u00e1bil","ilimitado","impecable","infalible","infinitamente","influyente","ingenioso","inolvidable","irremplazable","l\u00edder","maestro","notable","novedoso","pionero","poderoso","reconocido","revolucionario","sorprendente","superior","triunfante","ultra","valiente","valioso","vanguardista","vigoroso","visionario","voluntad","vital","triunfo","glorioso","imparable","inigualable","inteligente","invencible","libertad","orgullo","paz","progreso","renovado","sabidur\u00eda","satisfacci\u00f3n","seguro","serenidad","superaci\u00f3n","talento","transcendente","transformador","valent\u00eda","victoria"],"diacritics":{"A":"[\\u0041\\u24B6\\uFF21\\u00C0\\u00C1\\u00C2\\u1EA6\\u1EA4\\u1EAA\\u1EA8\\u00C3\\u0100\\u0102\\u1EB0\\u1EAE\\u1EB4\\u1EB2\\u0226\\u01E0\\u00C4\\u01DE\\u1EA2\\u00C5\\u01FA\\u01CD\\u0200\\u0202\\u1EA0\\u1EAC\\u1EB6\\u1E00\\u0104\\u023A\\u2C6F]","AA":"[\\uA732]","AE":"[\\u00C6\\u01FC\\u01E2]","AO":"[\\uA734]","AU":"[\\uA736]","AV":"[\\uA738\\uA73A]","AY":"[\\uA73C]","B":"[\\u0042\\u24B7\\uFF22\\u1E02\\u1E04\\u1E06\\u0243\\u0182\\u0181]","C":"[\\u0043\\u24B8\\uFF23\\u0106\\u0108\\u010A\\u010C\\u00C7\\u1E08\\u0187\\u023B\\uA73E]","D":"[\\u0044\\u24B9\\uFF24\\u1E0A\\u010E\\u1E0C\\u1E10\\u1E12\\u1E0E\\u0110\\u018B\\u018A\\u0189\\uA779]","DZ":"[\\u01F1\\u01C4]","Dz":"[\\u01F2\\u01C5]","E":"[\\u0045\\u24BA\\uFF25\\u00C8\\u00C9\\u00CA\\u1EC0\\u1EBE\\u1EC4\\u1EC2\\u1EBC\\u0112\\u1E14\\u1E16\\u0114\\u0116\\u00CB\\u1EBA\\u011A\\u0204\\u0206\\u1EB8\\u1EC6\\u0228\\u1E1C\\u0118\\u1E18\\u1E1A\\u0190\\u018E]","F":"[\\u0046\\u24BB\\uFF26\\u1E1E\\u0191\\uA77B]","G":"[\\u0047\\u24BC\\uFF27\\u01F4\\u011C\\u1E20\\u011E\\u0120\\u01E6\\u0122\\u01E4\\u0193\\uA7A0\\uA77D\\uA77E]","H":"[\\u0048\\u24BD\\uFF28\\u0124\\u1E22\\u1E26\\u021E\\u1E24\\u1E28\\u1E2A\\u0126\\u2C67\\u2C75\\uA78D]","I":"[\\u0049\\u24BE\\uFF29\\u00CC\\u00CD\\u00CE\\u0128\\u012A\\u012C\\u0130\\u00CF\\u1E2E\\u1EC8\\u01CF\\u0208\\u020A\\u1ECA\\u012E\\u1E2C\\u0197]","J":"[\\u004A\\u24BF\\uFF2A\\u0134\\u0248]","K":"[\\u004B\\u24C0\\uFF2B\\u1E30\\u01E8\\u1E32\\u0136\\u1E34\\u0198\\u2C69\\uA740\\uA742\\uA744\\uA7A2]","L":"[\\u004C\\u24C1\\uFF2C\\u013F\\u0139\\u013D\\u1E36\\u1E38\\u013B\\u1E3C\\u1E3A\\u0141\\u023D\\u2C62\\u2C60\\uA748\\uA746\\uA780]","LJ":"[\\u01C7]","Lj":"[\\u01C8]","M":"[\\u004D\\u24C2\\uFF2D\\u1E3E\\u1E40\\u1E42\\u2C6E\\u019C]","N":"[\\u004E\\u24C3\\uFF2E\\u01F8\\u0143\\u00D1\\u1E44\\u0147\\u1E46\\u0145\\u1E4A\\u1E48\\u0220\\u019D\\uA790\\uA7A4]","NJ":"[\\u01CA]","Nj":"[\\u01CB]","O":"[\\u004F\\u24C4\\uFF2F\\u00D2\\u00D3\\u00D4\\u1ED2\\u1ED0\\u1ED6\\u1ED4\\u00D5\\u1E4C\\u022C\\u1E4E\\u014C\\u1E50\\u1E52\\u014E\\u022E\\u0230\\u00D6\\u022A\\u1ECE\\u0150\\u01D1\\u020C\\u020E\\u01A0\\u1EDC\\u1EDA\\u1EE0\\u1EDE\\u1EE2\\u1ECC\\u1ED8\\u01EA\\u01EC\\u00D8\\u01FE\\u0186\\u019F\\uA74A\\uA74C]","OI":"[\\u01A2]","OO":"[\\uA74E]","OU":"[\\u0222]","P":"[\\u0050\\u24C5\\uFF30\\u1E54\\u1E56\\u01A4\\u2C63\\uA750\\uA752\\uA754]","Q":"[\\u0051\\u24C6\\uFF31\\uA756\\uA758\\u024A]","R":"[\\u0052\\u24C7\\uFF32\\u0154\\u1E58\\u0158\\u0210\\u0212\\u1E5A\\u1E5C\\u0156\\u1E5E\\u024C\\u2C64\\uA75A\\uA7A6\\uA782]","S":"[\\u0053\\u24C8\\uFF33\\u1E9E\\u015A\\u1E64\\u015C\\u1E60\\u0160\\u1E66\\u1E62\\u1E68\\u0218\\u015E\\u2C7E\\uA7A8\\uA784]","T":"[\\u0054\\u24C9\\uFF34\\u1E6A\\u0164\\u1E6C\\u021A\\u0162\\u1E70\\u1E6E\\u0166\\u01AC\\u01AE\\u023E\\uA786]","TZ":"[\\uA728]","U":"[\\u0055\\u24CA\\uFF35\\u00D9\\u00DA\\u00DB\\u0168\\u1E78\\u016A\\u1E7A\\u016C\\u00DC\\u01DB\\u01D7\\u01D5\\u01D9\\u1EE6\\u016E\\u0170\\u01D3\\u0214\\u0216\\u01AF\\u1EEA\\u1EE8\\u1EEE\\u1EEC\\u1EF0\\u1EE4\\u1E72\\u0172\\u1E76\\u1E74\\u0244]","V":"[\\u0056\\u24CB\\uFF36\\u1E7C\\u1E7E\\u01B2\\uA75E\\u0245]","VY":"[\\uA760]","W":"[\\u0057\\u24CC\\uFF37\\u1E80\\u1E82\\u0174\\u1E86\\u1E84\\u1E88\\u2C72]","X":"[\\u0058\\u24CD\\uFF38\\u1E8A\\u1E8C]","Y":"[\\u0059\\u24CE\\uFF39\\u1EF2\\u00DD\\u0176\\u1EF8\\u0232\\u1E8E\\u0178\\u1EF6\\u1EF4\\u01B3\\u024E\\u1EFE]","Z":"[\\u005A\\u24CF\\uFF3A\\u0179\\u1E90\\u017B\\u017D\\u1E92\\u1E94\\u01B5\\u0224\\u2C7F\\u2C6B\\uA762]","a":"[\\u0061\\u24D0\\uFF41\\u1E9A\\u00E0\\u00E1\\u00E2\\u1EA7\\u1EA5\\u1EAB\\u1EA9\\u00E3\\u0101\\u0103\\u1EB1\\u1EAF\\u1EB5\\u1EB3\\u0227\\u01E1\\u00E4\\u01DF\\u1EA3\\u00E5\\u01FB\\u01CE\\u0201\\u0203\\u1EA1\\u1EAD\\u1EB7\\u1E01\\u0105\\u2C65\\u0250]","aa":"[\\uA733]","ae":"[\\u00E6\\u01FD\\u01E3]","ao":"[\\uA735]","au":"[\\uA737]","av":"[\\uA739\\uA73B]","ay":"[\\uA73D]","b":"[\\u0062\\u24D1\\uFF42\\u1E03\\u1E05\\u1E07\\u0180\\u0183\\u0253]","c":"[\\u0063\\u24D2\\uFF43\\u0107\\u0109\\u010B\\u010D\\u00E7\\u1E09\\u0188\\u023C\\uA73F\\u2184]","d":"[\\u0064\\u24D3\\uFF44\\u1E0B\\u010F\\u1E0D\\u1E11\\u1E13\\u1E0F\\u0111\\u018C\\u0256\\u0257\\uA77A]","dz":"[\\u01F3\\u01C6]","e":"[\\u0065\\u24D4\\uFF45\\u00E8\\u00E9\\u00EA\\u1EC1\\u1EBF\\u1EC5\\u1EC3\\u1EBD\\u0113\\u1E15\\u1E17\\u0115\\u0117\\u00EB\\u1EBB\\u011B\\u0205\\u0207\\u1EB9\\u1EC7\\u0229\\u1E1D\\u0119\\u1E19\\u1E1B\\u0247\\u025B\\u01DD]","f":"[\\u0066\\u24D5\\uFF46\\u1E1F\\u0192\\uA77C]","g":"[\\u0067\\u24D6\\uFF47\\u01F5\\u011D\\u1E21\\u011F\\u0121\\u01E7\\u0123\\u01E5\\u0260\\uA7A1\\u1D79\\uA77F]","h":"[\\u0068\\u24D7\\uFF48\\u0125\\u1E23\\u1E27\\u021F\\u1E25\\u1E29\\u1E2B\\u1E96\\u0127\\u2C68\\u2C76\\u0265]","hv":"[\\u0195]","i":"[\\u0069\\u24D8\\uFF49\\u00EC\\u00ED\\u00EE\\u0129\\u012B\\u012D\\u00EF\\u1E2F\\u1EC9\\u01D0\\u0209\\u020B\\u1ECB\\u012F\\u1E2D\\u0268\\u0131]","j":"[\\u006A\\u24D9\\uFF4A\\u0135\\u01F0\\u0249]","k":"[\\u006B\\u24DA\\uFF4B\\u1E31\\u01E9\\u1E33\\u0137\\u1E35\\u0199\\u2C6A\\uA741\\uA743\\uA745\\uA7A3]","l":"[\\u006C\\u24DB\\uFF4C\\u0140\\u013A\\u013E\\u1E37\\u1E39\\u013C\\u1E3D\\u1E3B\\u017F\\u0142\\u019A\\u026B\\u2C61\\uA749\\uA781\\uA747]","lj":"[\\u01C9]","m":"[\\u006D\\u24DC\\uFF4D\\u1E3F\\u1E41\\u1E43\\u0271\\u026F]","n":"[\\u006E\\u24DD\\uFF4E\\u01F9\\u0144\\u00F1\\u1E45\\u0148\\u1E47\\u0146\\u1E4B\\u1E49\\u019E\\u0272\\u0149\\uA791\\uA7A5]","nj":"[\\u01CC]","o":"[\\u006F\\u24DE\\uFF4F\\u00F2\\u00F3\\u00F4\\u1ED3\\u1ED1\\u1ED7\\u1ED5\\u00F5\\u1E4D\\u022D\\u1E4F\\u014D\\u1E51\\u1E53\\u014F\\u022F\\u0231\\u00F6\\u022B\\u1ECF\\u0151\\u01D2\\u020D\\u020F\\u01A1\\u1EDD\\u1EDB\\u1EE1\\u1EDF\\u1EE3\\u1ECD\\u1ED9\\u01EB\\u01ED\\u00F8\\u01FF\\u0254\\uA74B\\uA74D\\u0275]","oi":"[\\u01A3]","ou":"[\\u0223]","oo":"[\\uA74F]","p":"[\\u0070\\u24DF\\uFF50\\u1E55\\u1E57\\u01A5\\u1D7D\\uA751\\uA753\\uA755]","q":"[\\u0071\\u24E0\\uFF51\\u024B\\uA757\\uA759]","r":"[\\u0072\\u24E1\\uFF52\\u0155\\u1E59\\u0159\\u0211\\u0213\\u1E5B\\u1E5D\\u0157\\u1E5F\\u024D\\u027D\\uA75B\\uA7A7\\uA783]","s":"[\\u0073\\u24E2\\uFF53\\u015B\\u1E65\\u015D\\u1E61\\u0161\\u1E67\\u1E63\\u1E69\\u0219\\u015F\\u023F\\uA7A9\\uA785\\u1E9B]","ss":"[\\u00DF]","t":"[\\u0074\\u24E3\\uFF54\\u1E6B\\u1E97\\u0165\\u1E6D\\u021B\\u0163\\u1E71\\u1E6F\\u0167\\u01AD\\u0288\\u2C66\\uA787]","tz":"[\\uA729]","u":"[\\u0075\\u24E4\\uFF55\\u00F9\\u00FA\\u00FB\\u0169\\u1E79\\u016B\\u1E7B\\u016D\\u00FC\\u01DC\\u01D8\\u01D6\\u01DA\\u1EE7\\u016F\\u0171\\u01D4\\u0215\\u0217\\u01B0\\u1EEB\\u1EE9\\u1EEF\\u1EED\\u1EF1\\u1EE5\\u1E73\\u0173\\u1E77\\u1E75\\u0289]","v":"[\\u0076\\u24E5\\uFF56\\u1E7D\\u1E7F\\u028B\\uA75F\\u028C]","vy":"[\\uA761]","w":"[\\u0077\\u24E6\\uFF57\\u1E81\\u1E83\\u0175\\u1E87\\u1E85\\u1E98\\u1E89\\u2C73]","x":"[\\u0078\\u24E7\\uFF58\\u1E8B\\u1E8D]","y":"[\\u0079\\u24E8\\uFF59\\u1EF3\\u00FD\\u0177\\u1EF9\\u0233\\u1E8F\\u00FF\\u1EF7\\u1E99\\u1EF5\\u01B4\\u024F\\u1EFF]","z":"[\\u007A\\u24E9\\uFF5A\\u017A\\u1E91\\u017C\\u017E\\u1E93\\u1E95\\u01B6\\u0225\\u0240\\u2C6C\\uA763]"},"researchesTests":["contentHasTOC","contentHasShortParagraphs","contentHasAssets","keywordInTitle","keywordInMetaDescription","keywordInPermalink","keywordIn10Percent","keywordInContent","keywordInSubheadings","keywordInImageAlt","keywordDensity","keywordNotUsed","lengthContent","lengthPermalink","linksHasInternal","linksHasExternals","linksNotAllExternals","titleStartWithKeyword","titleSentiment","titleHasPowerWords","titleHasNumber","hasContentAI"],"hasRedirection":true,"hasBreadcrumb":false},"homeUrl":"https:\/\/www.geniusproperties.com\/es","objectID":10959,"objectType":"post","locale":"es","localeFull":"es_ES","overlayImages":{"play":{"name":"Play icon","url":"https:\/\/www.geniusproperties.com\/wp-content\/plugins\/seo-by-rank-math\/assets\/admin\/img\/icon-play.png","path":"\/home\/gp\/www\/wp-content\/plugins\/seo-by-rank-math\/assets\/admin\/img\/icon-play.png","position":"middle_center"},"gif":{"name":"GIF icon","url":"https:\/\/www.geniusproperties.com\/wp-content\/plugins\/seo-by-rank-math\/assets\/admin\/img\/icon-gif.png","path":"\/home\/gp\/www\/wp-content\/plugins\/seo-by-rank-math\/assets\/admin\/img\/icon-gif.png","position":"middle_center"}},"defautOgImage":"https:\/\/www.geniusproperties.com\/wp-content\/plugins\/seo-by-rank-math\/assets\/admin\/img\/social-placeholder.jpg","customPermalinks":true,"isUserRegistered":false,"autoSuggestKeywords":false,"connectSiteUrl":"https:\/\/rankmath.com\/auth?site=https%3A%2F%2Fwww.geniusproperties.com%2Fes&r=https%3A%2F%2Fwww.geniusproperties.com%2Fes%2Fwp-json%2Fwp%2Fv2%2Fpages%2F10959%3Fnonce%3Da528847236","maxTags":5,"trendsIcon":"<svg viewBox=\"0 0 610 610\"><path d=\"M18.85,446,174.32,290.48l58.08,58.08L76.93,504a14.54,14.54,0,0,1-20.55,0L18.83,466.48a14.54,14.54,0,0,1,0-20.55Z\" style=\"fill:#4285f4\"\/><path d=\"M242.65,242.66,377.59,377.6l-47.75,47.75a14.54,14.54,0,0,1-20.55,0L174.37,290.43l47.75-47.75A14.52,14.52,0,0,1,242.65,242.66Z\" style=\"fill:#ea4335\"\/><polygon points=\"319.53 319.53 479.26 159.8 537.34 217.88 377.61 377.62 319.53 319.53\" style=\"fill:#fabb05\"\/><path d=\"M594.26,262.73V118.61h0a16.94,16.94,0,0,0-16.94-16.94H433.2a16.94,16.94,0,0,0-12,28.92L565.34,274.71h0a16.94,16.94,0,0,0,28.92-12Z\" style=\"fill:#34a853\"\/><rect width=\"610\" height=\"610\" style=\"fill:none\"\/><\/svg>","showScore":true,"siteFavIcon":"data:image\/png;base64,iVBORw0KGgoAAAANSUhEUgAAABAAAAAQCAYAAAAf8\/9hAAABs0lEQVR4AWL4\/\/8\/RRjO8Iucx+noO0MWUDo16FYABMGP6ZfUcRnWtm27jVPbtm3bttuH2t3eFPcY9pLz7NxiLjCyVd87pKnHyqXyxtCs8APd0rnyxiu4qSeA3QEDrAwBDrT1s1Rc\/OrjLZwqVmOSu6+Lamcpp2KKMA9PH1BYXMe1mUP5qotvXTywsOEEYHXxrY+3cqk6TMkYpNr2FeoY3KIr0RPtn9wQ2unlA+GMkRw6+9TFw4YTwDUzx\/JVvARj9KaedXRO8P5B1Du2S32smzqUrcKGEyA+uAgQjKX7zf0boWHGfn71jIKj2689gxp7OAGShNcBUmLMPVjZuiKcA2vuWHHDCQxMCz629kXAIU4ApY15QwggAFbfOP9DhgBJ+nWVJ1AZAfICAj1pAlY6hCADZnveQf7bQIwzVONGJonhLIlS9gr5mFg44Xd+4S3XHoGNPdJl1INIwKyEgHckEhgTe1bGiFY9GSFBYUwLh1IkiJUbY407E7syBSFxKTszEoiE\/YdrgCEayDmtaJwCI9uu8TKMuZSVfSa4BpGgzvomBR\/INhLGzrqDotp01ZR8pn\/1L0JN9d9XNyx0AAAAAElFTkSuQmCC","canUser":{"general":false,"advanced":false,"snippet":false,"social":false,"analysis":false,"analytics":false,"content_ai":false},"isPro":false,"is_front_page":false,"trendsUpgradeLink":"https:\/\/rankmath.com\/pricing\/?utm_source=Plugin&utm_medium=CE%20General%20Tab%20Trends&utm_campaign=WP","trendsUpgradeLabel":"Upgrade","trendsPreviewImage":"https:\/\/www.geniusproperties.com\/wp-content\/plugins\/seo-by-rank-math\/assets\/admin\/img\/trends-preview.jpg","currentEditor":false,"homepageData":{"assessor":{"powerWords":["incre\u00edble","asombroso","maravilloso","\u00fanico","hermoso","felicidad","brillante","cautivador","carism\u00e1tico","impactante","claro","completamente","confidencial","confianza","significativo","creativo","definitivamente","delicioso","demostrar","apres\u00farate","decidido","digno","din\u00e1mico","impresionante","esencial","inspirador","innovador","intenso","eficaz","m\u00e1gico","magn\u00edfico","hist\u00f3rico","importante","incre\u00edble","indispensable","inolvidable","irresistible","legendario","luminoso","lujo","m\u00e1gico","magn\u00edfico","majestuoso","memorable","maravilloso","milagroso","motivador","necesario","nuevo","oficial","perfecto","apasionado","persuasivo","fenomenal","placer","popular","poder","prestigioso","prodigioso","profundo","pr\u00f3spero","poderoso","calidad","radiante","r\u00e1pido","exitoso","revolucionario","satisfecho","seguridad","sensacional","sereno","suntuoso","espl\u00e9ndido","sublime","sorprendente","talentoso","terror\u00edfico","\u00fanico","valor","vibrante","victorioso","vivo","verdaderamente","celoso","aut\u00e9ntico","aventurero","espectacular","exclusivo","garantizado","extraordinario","fabuloso","fascinante","formidable","genial","grandioso","gratuito","h\u00e1bil","ilimitado","impecable","infalible","infinitamente","influyente","ingenioso","inolvidable","irremplazable","l\u00edder","maestro","notable","novedoso","pionero","poderoso","reconocido","revolucionario","sorprendente","superior","triunfante","ultra","valiente","valioso","vanguardista","vigoroso","visionario","voluntad","vital","triunfo","glorioso","imparable","inigualable","inteligente","invencible","libertad","orgullo","paz","progreso","renovado","sabidur\u00eda","satisfacci\u00f3n","seguro","serenidad","superaci\u00f3n","talento","transcendente","transformador","valent\u00eda","victoria"],"diacritics":true,"researchesTests":["contentHasTOC","contentHasShortParagraphs","contentHasAssets","keywordInTitle","keywordInMetaDescription","keywordInPermalink","keywordIn10Percent","keywordInContent","keywordInSubheadings","keywordInImageAlt","keywordDensity","keywordNotUsed","lengthContent","lengthPermalink","linksHasInternal","linksHasExternals","linksNotAllExternals","titleStartWithKeyword","titleSentiment","titleHasPowerWords","titleHasNumber","hasContentAI"],"hasBreadcrumb":false,"serpData":{"title":"%sitename% %page% %sep% %sitedesc%","description":"","titleTemplate":"%sitename% %page% %sep% %sitedesc%","descriptionTemplate":"","focusKeywords":"","breadcrumbTitle":"Home","robots":{"index":true},"advancedRobots":{"max-snippet":"-1","max-video-preview":"-1","max-image-preview":"large"},"facebookTitle":"","facebookDescription":"","facebookImage":"","facebookImageID":""}}},"tocTitle":"Table of Contents","tocExcludeHeadings":[],"listStyle":"ul"},"_links":{"self":[{"href":"https:\/\/www.geniusproperties.com\/es\/wp-json\/wp\/v2\/pages\/10959","targetHints":{"allow":["GET"]}}],"collection":[{"href":"https:\/\/www.geniusproperties.com\/es\/wp-json\/wp\/v2\/pages"}],"about":[{"href":"https:\/\/www.geniusproperties.com\/es\/wp-json\/wp\/v2\/types\/page"}],"author":[{"embeddable":true,"href":"https:\/\/www.geniusproperties.com\/es\/wp-json\/wp\/v2\/users\/2"}],"replies":[{"embeddable":true,"href":"https:\/\/www.geniusproperties.com\/es\/wp-json\/wp\/v2\/comments?post=10959"}],"version-history":[{"count":9,"href":"https:\/\/www.geniusproperties.com\/es\/wp-json\/wp\/v2\/pages\/10959\/revisions"}],"predecessor-version":[{"id":11078,"href":"https:\/\/www.geniusproperties.com\/es\/wp-json\/wp\/v2\/pages\/10959\/revisions\/11078"}],"wp:attachment":[{"href":"https:\/\/www.geniusproperties.com\/es\/wp-json\/wp\/v2\/media?parent=10959"}],"curies":[{"name":"wp","href":"https:\/\/api.w.org\/{rel}","templated":true}]}}